{"id":194319,"date":"2024-11-18T13:20:49","date_gmt":"2024-11-18T12:20:49","guid":{"rendered":"https:\/\/arqresidencial.com\/politica-de-cookies-ue\/"},"modified":"2026-04-08T13:11:45","modified_gmt":"2026-04-08T11:11:45","slug":"politica-de-cookies-ue","status":"publish","type":"page","link":"https:\/\/arqresidencial.com\/ca\/politica-de-cookies-ue\/","title":{"rendered":"Pol\u00edtica de galetes (UE)"},"content":{"rendered":"<h1 data-start=\"232\" data-end=\"253\">Pol\u00edtica de galetes<\/h1>\n<p data-start=\"255\" data-end=\"299\"><strong data-start=\"255\" data-end=\"299\">\u00daltima actualitzaci\u00f3: 5 de juny de 2025<\/strong><\/p>\n<h2 data-start=\"301\" data-end=\"328\">1. Qu\u00e8 s\u00f3n les galetes?<\/h2>\n<p data-start=\"330\" data-end=\"631\">Les galetes s\u00f3n petits fitxers de text que s&#8217;emmagatzemen al vostre dispositiu (ordinador, tel\u00e8fon intel\u00b7ligent, tauleta, etc.) quan visiteu determinades p\u00e0gines web. La seva finalitat pot ser molt diversa: des de recordar les vostres prefer\u00e8ncies de navegaci\u00f3 fins a recopilar informaci\u00f3 estad\u00edstica sobre l&#8217;\u00fas del lloc. <\/p>\n<h2 data-start=\"633\" data-end=\"684\">2. Tipus de galetes utilitzades en aquest lloc web<\/h2>\n<p data-start=\"686\" data-end=\"842\">El lloc web <strong data-start=\"699\" data-end=\"720\">aqresidencial.com<\/strong>, titularitat de <strong data-start=\"737\" data-end=\"771\">RESIDENCIAL PINEDA PARK, S. L.<\/strong>, utilitza galetes pr\u00f2pies i de tercers amb les finalitats seg\u00fcents:<\/p>\n<h3 data-start=\"844\" data-end=\"880\">a) Galetes t\u00e8cniques o necess\u00e0ries<\/h3>\n<p data-start=\"881\" data-end=\"1075\">Aquestes galetes s\u00f3n imprescindibles perqu\u00e8 el lloc web funcioni correctament. Permeten la navegaci\u00f3, l&#8217;\u00fas de les diferents opcions i serveis, aix\u00ed com garantir la seguretat del lloc. <\/p>\n<h3 data-start=\"1077\" data-end=\"1110\">b) Galetes de personalitzaci\u00f3<\/h3>\n<p data-start=\"1111\" data-end=\"1259\">Permeten a l&#8217;usuari accedir al servei amb algunes caracter\u00edstiques predefinides (com ara l&#8217;idioma, el tipus de navegador o la configuraci\u00f3 regional).<\/p>\n<h3 data-start=\"1261\" data-end=\"1287\">c) Galetes d&#8217;an\u00e0lisi<\/h3>\n<p data-start=\"1288\" data-end=\"1499\">Aquestes galetes permeten el seguiment i l&#8217;an\u00e0lisi del comportament dels usuaris del lloc web (per exemple, mitjan\u00e7ant Google Analytics), amb la finalitat d&#8217;introduir millores basades en les dades d&#8217;\u00fas agregades.<\/p>\n<h3 data-start=\"1501\" data-end=\"1559\">d) Galetes de publicitat comportamental <em data-start=\"1545\" data-end=\"1559\">(si s&#8217;utilitzen)<\/em><\/h3>\n<p data-start=\"1560\" data-end=\"1709\">Recullen informaci\u00f3 sobre els h\u00e0bits de navegaci\u00f3 per mostrar publicitat personalitzada. En cas d&#8217;utilitzar-se, se us sol\u00b7licitar\u00e0 el consentiment expl\u00edcit. <\/p>\n<h2 data-start=\"1711\" data-end=\"1735\">3. Gesti\u00f3 de galetes<\/h2>\n<p data-start=\"1737\" data-end=\"2042\">En accedir per primera vegada al nostre lloc web, se us mostrar\u00e0 un b\u00e0ner que us permetr\u00e0 configurar les vostres prefer\u00e8ncies en relaci\u00f3 amb l&#8217;\u00fas de galetes no necess\u00e0ries. Podeu modificar aquestes prefer\u00e8ncies en qualsevol moment des del [panell de configuraci\u00f3 de galetes](<em data-start=\"2006\" data-end=\"2040\">inseriu l&#8217;enlla\u00e7 aqu\u00ed si existeix<\/em>). <\/p>\n<p data-start=\"2044\" data-end=\"2169\">A m\u00e9s, podeu bloquejar o eliminar les galetes instal\u00b7lades configurant les opcions del navegador utilitzat al vostre dispositiu:<\/p>\n<ul data-start=\"2171\" data-end=\"2555\">\n<li data-start=\"2171\" data-end=\"2242\">\n<p data-start=\"2173\" data-end=\"2242\"><a class=\"cursor-pointer\" target=\"_new\" rel=\"noopener\" data-start=\"2173\" data-end=\"2242\">Google Chrome<\/a><\/p>\n<\/li>\n<li data-start=\"2243\" data-end=\"2341\">\n<p data-start=\"2245\" data-end=\"2341\"><a class=\"\" href=\"https:\/\/support.mozilla.org\/es\/kb\/habilitar-y-deshabilitar-cookies-sitios-web\" target=\"_new\" rel=\"noopener\" data-start=\"2245\" data-end=\"2341\">Mozilla Firefox<\/a><\/p>\n<\/li>\n<li data-start=\"2342\" data-end=\"2412\">\n<p data-start=\"2344\" data-end=\"2412\"><a class=\"\" href=\"https:\/\/support.apple.com\/es-es\/guide\/safari\/sfri11471\/mac\" target=\"_new\" rel=\"noopener\" data-start=\"2344\" data-end=\"2412\">Safari<\/a><\/p>\n<\/li>\n<li data-start=\"2413\" data-end=\"2555\">\n<p data-start=\"2415\" data-end=\"2555\"><a class=\"\" href=\"https:\/\/support.microsoft.com\/es-es\/microsoft-edge\/eliminar-cookies-en-microsoft-edge-63947406-40ac-c3b8-57b9-2a946a29ae09\" target=\"_new\" rel=\"noopener\" data-start=\"2415\" data-end=\"2555\">Microsoft Edge<\/a><\/p>\n<\/li>\n<\/ul>\n<h2 data-start=\"2557\" data-end=\"2590\">4. Responsable del tractament<\/h2>\n<p data-start=\"2592\" data-end=\"2846\"><strong data-start=\"2592\" data-end=\"2626\">RESIDENCIAL PINEDA PARK, S. L.<\/strong><br data-start=\"2626\" data-end=\"2629\">CIF: B 60.373.214<br data-start=\"2646\" data-end=\"2649\">Domicili: C\/ Freixa 26-28 Baixos 3r, 08021 Barcelona<br data-start=\"2701\" data-end=\"2704\">Inscripci\u00f3 al Registre Mercantil de Barcelona: Tom 26079, Foli 38, Full B99460<br data-start=\"2788\" data-end=\"2791\">Tel\u00e8fon: 93 241 11 03<br data-start=\"2813\" data-end=\"2816\">Correu electr\u00f2nic: <a class=\"cursor-pointer\" rel=\"noopener\" data-start=\"2823\" data-end=\"2846\">hola@arqresidencial.com<\/a><\/p>\n<h2 data-start=\"2848\" data-end=\"2886\">5. Actualitzacions d&#8217;aquesta pol\u00edtica<\/h2>\n<p data-start=\"2888\" data-end=\"3063\">Aquesta Pol\u00edtica de galetes pot ser modificada quan aix\u00ed ho exigeixin disposicions legals o per adaptar-se a l&#8217;activitat del lloc web. Es recomana revisar-la peri\u00f2dicament. <\/p>\n","protected":false},"excerpt":{"rendered":"<p>Pol\u00edtica de galetes \u00daltima actualitzaci\u00f3: 5 de juny de 2025 1. Qu\u00e8 s\u00f3n les galetes? Les galetes s\u00f3n petits fitxers de text que s&#8217;emmagatzemen al vostre dispositiu (ordinador, tel\u00e8fon intel\u00b7ligent, tauleta, etc.) quan visiteu determinades p\u00e0gines web. La seva finalitat pot ser molt diversa: des de recordar les vostres prefer\u00e8ncies de navegaci\u00f3 fins a recopilar [&hellip;]<\/p>\n","protected":false},"author":1,"featured_media":0,"parent":0,"menu_order":93,"comment_status":"closed","ping_status":"closed","template":"","meta":{"_joinchat":[],"footnotes":""},"class_list":["post-194319","page","type-page","status-publish","hentry"],"aioseo_notices":[],"_links":{"self":[{"href":"https:\/\/arqresidencial.com\/ca\/wp-json\/wp\/v2\/pages\/194319","targetHints":{"allow":["GET"]}}],"collection":[{"href":"https:\/\/arqresidencial.com\/ca\/wp-json\/wp\/v2\/pages"}],"about":[{"href":"https:\/\/arqresidencial.com\/ca\/wp-json\/wp\/v2\/types\/page"}],"author":[{"embeddable":true,"href":"https:\/\/arqresidencial.com\/ca\/wp-json\/wp\/v2\/users\/1"}],"replies":[{"embeddable":true,"href":"https:\/\/arqresidencial.com\/ca\/wp-json\/wp\/v2\/comments?post=194319"}],"version-history":[{"count":0,"href":"https:\/\/arqresidencial.com\/ca\/wp-json\/wp\/v2\/pages\/194319\/revisions"}],"wp:attachment":[{"href":"https:\/\/arqresidencial.com\/ca\/wp-json\/wp\/v2\/media?parent=194319"}],"curies":[{"name":"wp","href":"https:\/\/api.w.org\/{rel}","templated":true}]}}