{"id":187396,"date":"2024-06-19T17:38:41","date_gmt":"2024-06-19T15:38:41","guid":{"rendered":"https:\/\/arqresidencial.com\/valoracio-professional-dimmobles\/"},"modified":"2026-04-08T12:31:33","modified_gmt":"2026-04-08T10:31:33","slug":"valoracio-professional-dimmobles","status":"publish","type":"page","link":"https:\/\/arqresidencial.com\/ca\/valoracio-professional-dimmobles\/","title":{"rendered":"Valoraci\u00f3 professional d&#8217;immobles"},"content":{"rendered":"\t\t<div data-elementor-type=\"wp-page\" data-elementor-id=\"187396\" class=\"elementor elementor-187396 elementor-187382\" data-elementor-post-type=\"page\">\n\t\t\t\t<div class=\"elementor-element elementor-element-c487295 e-flex e-con-boxed e-con e-parent\" data-id=\"c487295\" data-element_type=\"container\" data-e-type=\"container\" id=\"hero\">\n\t\t\t\t\t<div class=\"e-con-inner\">\n\t\t<div class=\"elementor-element elementor-element-81836ad e-flex e-con-boxed e-con e-child\" data-id=\"81836ad\" data-element_type=\"container\" data-e-type=\"container\" data-settings=\"{&quot;background_background&quot;:&quot;classic&quot;,&quot;background_motion_fx_motion_fx_scrolling&quot;:&quot;yes&quot;,&quot;background_motion_fx_devices&quot;:[&quot;desktop&quot;,&quot;laptop&quot;,&quot;tablet&quot;,&quot;mobile&quot;]}\">\n\t\t\t\t\t<div class=\"e-con-inner\">\n\t\t<div class=\"elementor-element elementor-element-264bdaa e-flex e-con-boxed e-con e-child\" data-id=\"264bdaa\" data-element_type=\"container\" data-e-type=\"container\">\n\t\t\t\t\t<div class=\"e-con-inner\">\n\t\t\t\t<div class=\"elementor-element elementor-element-0c742a7 elementor-widget elementor-widget-heading\" data-id=\"0c742a7\" data-element_type=\"widget\" data-e-type=\"widget\" data-widget_type=\"heading.default\">\n\t\t\t\t\t<h1 class=\"elementor-heading-title elementor-size-default\">Valorem el vostre immoble per a la venda a Barcelona, \u200b\u200bsense comprom\u00eds!<\/h1>\t\t\t\t<\/div>\n\t\t\t\t<div class=\"elementor-element elementor-element-97292fe elementor-widget elementor-widget-text-editor\" data-id=\"97292fe\" data-element_type=\"widget\" data-e-type=\"widget\" data-widget_type=\"text-editor.default\">\n\t\t\t\t\t\t\t\t\t<p>La nostra CEO, Cristina Toyos amb m\u00e9s de 25 anys d&#8217;experi\u00e8ncia en venda d&#8217;immobles, us donar\u00e0 totes les respostes que necessiteu per prendre la decisi\u00f3 de venda. Sol\u00b7liciteu ara la vostra valoraci\u00f3 professional a preu de mercat. <\/p>\t\t\t\t\t\t\t\t<\/div>\n\t\t\t\t<div class=\"elementor-element elementor-element-4e6ce7a elementor-widget elementor-widget-text-editor\" data-id=\"4e6ce7a\" data-element_type=\"widget\" data-e-type=\"widget\" data-widget_type=\"text-editor.default\">\n\t\t\t\t\t\t\t\t\t<p>Truqui ara 93 241 11 03 o empleni el formulari per concertar una cita<\/p>\t\t\t\t\t\t\t\t<\/div>\n\t\t\t\t\t<\/div>\n\t\t\t\t<\/div>\n\t\t<div class=\"elementor-element elementor-element-bfec7d7 e-flex e-con-boxed e-con e-child\" data-id=\"bfec7d7\" data-element_type=\"container\" data-e-type=\"container\">\n\t\t\t\t\t<div class=\"e-con-inner\">\n\t\t\t\t<div class=\"elementor-element elementor-element-9b9b388 elementor-widget elementor-widget-image\" data-id=\"9b9b388\" data-element_type=\"widget\" data-e-type=\"widget\" data-widget_type=\"image.default\">\n\t\t\t\t\t\t\t\t\t\t\t\t\t\t\t<img decoding=\"async\" width=\"209\" height=\"57\" src=\"https:\/\/arqresidencial.com\/wp-content\/uploads\/2023\/05\/logo_AR_col_ffffff.svg\" class=\"attachment-large size-large wp-image-3803\" alt=\"Logotip blanc d&#039;Arquitectura Residencial\" \/>\t\t\t\t\t\t\t\t\t\t\t\t\t\t\t<\/div>\n\t\t\t\t<div class=\"elementor-element elementor-element-2778be9 elementor-button-align-stretch elementor-invisible elementor-widget elementor-widget-form\" data-id=\"2778be9\" data-element_type=\"widget\" data-e-type=\"widget\" data-settings=\"{&quot;button_width&quot;:&quot;25&quot;,&quot;step_next_label&quot;:&quot;Seg\\u00fcent&quot;,&quot;step_previous_label&quot;:&quot;Anterior&quot;,&quot;_animation&quot;:&quot;slideInRight&quot;,&quot;step_type&quot;:&quot;number_text&quot;,&quot;step_icon_shape&quot;:&quot;circle&quot;}\" data-widget_type=\"form.default\">\n\t\t\t\t\t\t\t<form class=\"elementor-form\" method=\"post\" name=\"Formulari valoraci\u00f3 prof immobles\" aria-label=\"Formulari valoraci\u00f3 prof immobles\">\n\t\t\t<input type=\"hidden\" name=\"post_id\" value=\"187396\"\/>\n\t\t\t<input type=\"hidden\" name=\"form_id\" value=\"2778be9\"\/>\n\t\t\t<input type=\"hidden\" name=\"referer_title\" value=\"\" \/>\n\n\t\t\t\n\t\t\t<div class=\"elementor-form-fields-wrapper elementor-labels-above\">\n\t\t\t\t\t\t\t\t<div class=\"elementor-field-type-text elementor-field-group elementor-column elementor-field-group-name elementor-col-50\">\n\t\t\t\t\t\t\t\t\t\t\t\t\t<input size=\"1\" type=\"text\" name=\"form_fields[name]\" id=\"form-field-name\" class=\"elementor-field elementor-size-sm  elementor-field-textual\" placeholder=\"Nom\">\n\t\t\t\t\t\t\t\t\t\t\t<\/div>\n\t\t\t\t\t\t\t\t<div class=\"elementor-field-type-text elementor-field-group elementor-column elementor-field-group-field_e3a79f8 elementor-col-50\">\n\t\t\t\t\t\t\t\t\t\t\t\t\t<input size=\"1\" type=\"text\" name=\"form_fields[field_e3a79f8]\" id=\"form-field-field_e3a79f8\" class=\"elementor-field elementor-size-sm  elementor-field-textual\" placeholder=\"Tel\u00e8fon\">\n\t\t\t\t\t\t\t\t\t\t\t<\/div>\n\t\t\t\t\t\t\t\t<div class=\"elementor-field-type-email elementor-field-group elementor-column elementor-field-group-email elementor-col-100 elementor-field-required\">\n\t\t\t\t\t\t\t\t\t\t\t\t\t<input size=\"1\" type=\"email\" name=\"form_fields[email]\" id=\"form-field-email\" class=\"elementor-field elementor-size-sm  elementor-field-textual\" placeholder=\"Corre electr\u00f2nic\" required=\"required\">\n\t\t\t\t\t\t\t\t\t\t\t<\/div>\n\t\t\t\t\t\t\t\t<div class=\"elementor-field-type-textarea elementor-field-group elementor-column elementor-field-group-message elementor-col-100\">\n\t\t\t\t\t<textarea class=\"elementor-field-textual elementor-field  elementor-size-sm\" name=\"form_fields[message]\" id=\"form-field-message\" rows=\"4\" placeholder=\"Missatge\"><\/textarea>\t\t\t\t<\/div>\n\t\t\t\t\t\t\t\t<div class=\"elementor-field-type-recaptcha_v3 elementor-field-group elementor-column elementor-field-group-field_6cf607b elementor-col-100 recaptcha_v3-bottomright\">\n\t\t\t\t\t<div class=\"elementor-field\" id=\"form-field-field_6cf607b\"><div class=\"elementor-g-recaptcha\" data-sitekey=\"6LeCZ8gfAAAAAELsjTohGXciLUcihkHlEIL9t4mr\" data-type=\"v3\" data-action=\"Form\" data-badge=\"bottomright\" data-size=\"invisible\"><\/div><\/div>\t\t\t\t<\/div>\n\t\t\t\t\t\t\t\t<div class=\"elementor-field-group elementor-column elementor-field-type-submit elementor-col-25 e-form__buttons\">\n\t\t\t\t\t<button class=\"elementor-button elementor-size-sm\" type=\"submit\">\n\t\t\t\t\t\t<span class=\"elementor-button-content-wrapper\">\n\t\t\t\t\t\t\t\t\t\t\t\t\t\t\t\t\t\t\t\t\t\t<span class=\"elementor-button-text\">Enviar<\/span>\n\t\t\t\t\t\t\t\t\t\t\t\t\t<\/span>\n\t\t\t\t\t<\/button>\n\t\t\t\t<\/div>\n\t\t\t<\/div>\n\t\t<\/form>\n\t\t\t\t\t\t<\/div>\n\t\t\t\t\t<\/div>\n\t\t\t\t<\/div>\n\t\t\t\t\t<\/div>\n\t\t\t\t<\/div>\n\t\t<div class=\"elementor-element elementor-element-4c6d4c7 e-con-full e-flex e-con e-child\" data-id=\"4c6d4c7\" data-element_type=\"container\" data-e-type=\"container\">\n\t\t<div class=\"elementor-element elementor-element-7471d38 e-flex e-con-boxed e-con e-child\" data-id=\"7471d38\" data-element_type=\"container\" data-e-type=\"container\">\n\t\t\t\t\t<div class=\"e-con-inner\">\n\t\t<div class=\"elementor-element elementor-element-50b6d61 e-con-full e-flex e-con e-child\" data-id=\"50b6d61\" data-element_type=\"container\" data-e-type=\"container\">\n\t\t\t\t<div class=\"elementor-element elementor-element-9d65bbf elementor-widget elementor-widget-heading\" data-id=\"9d65bbf\" data-element_type=\"widget\" data-e-type=\"widget\" data-widget_type=\"heading.default\">\n\t\t\t\t\t<h2 class=\"elementor-heading-title elementor-size-default\">A quin preu es pot vendre el seu pis a Barcelona Pregunteu ara!<\/h2>\t\t\t\t<\/div>\n\t\t\t\t<div class=\"elementor-element elementor-element-0399661 elementor-widget elementor-widget-text-editor\" data-id=\"0399661\" data-element_type=\"widget\" data-e-type=\"widget\" data-widget_type=\"text-editor.default\">\n\t\t\t\t\t\t\t\t\t<p>Per qu\u00e8 demanar una valoraci\u00f3 a preu de mercat?<\/p>\t\t\t\t\t\t\t\t<\/div>\n\t\t\t\t<div class=\"elementor-element elementor-element-5e568fb elementor-widget elementor-widget-text-editor\" data-id=\"5e568fb\" data-element_type=\"widget\" data-e-type=\"widget\" data-widget_type=\"text-editor.default\">\n\t\t\t\t\t\t\t\t\t<p>A Arquitectura Residencial us facilitarem una valoraci\u00f3 realista a data d&#8217;avui, comptant amb les \u00faltimes vendes registrades a la zona. <\/p>\t\t\t\t\t\t\t\t<\/div>\n\t\t\t\t<div class=\"elementor-element elementor-element-51536c0 elementor-widget elementor-widget-text-editor\" data-id=\"51536c0\" data-element_type=\"widget\" data-e-type=\"widget\" data-widget_type=\"text-editor.default\">\n\t\t\t\t\t\t\t\t\t<p><strong>La valoraci\u00f3 inclou les respostes m\u00e9s rellevants a la presa de decisi\u00f3 de venda<\/strong><\/p><ul><li>Valoraci\u00f3 a preu de mercat amb dades de vendes reals dimmobles comparables de la seva zona.<\/li><li>Com fer f\u00e0cil la venda de l&#8217;immoble, sense incid\u00e8ncies ni visites molestes<\/li><li>Definir un pla de m\u00e0rqueting espec\u00edfic perqu\u00e8 la venda sigui un \u00e8xit<\/li><li>Sabr\u00e0 tots els costos de la venda i els impostos associats a la mateixa<\/li><\/ul>\t\t\t\t\t\t\t\t<\/div>\n\t\t\t\t<div class=\"elementor-element elementor-element-d6f536c elementor-widget elementor-widget-button\" data-id=\"d6f536c\" data-element_type=\"widget\" data-e-type=\"widget\" data-widget_type=\"button.default\">\n\t\t\t\t\t\t\t\t\t\t<a class=\"elementor-button elementor-button-link elementor-size-sm\" href=\"#hero\">\n\t\t\t\t\t\t<span class=\"elementor-button-content-wrapper\">\n\t\t\t\t\t\t\t\t\t<span class=\"elementor-button-text\">Sol\u00b7liciteu la vostra valoraci\u00f3 ara<\/span>\n\t\t\t\t\t<\/span>\n\t\t\t\t\t<\/a>\n\t\t\t\t\t\t\t\t<\/div>\n\t\t\t\t<\/div>\n\t\t<div class=\"elementor-element elementor-element-8a80c10 e-flex e-con-boxed e-con e-child\" data-id=\"8a80c10\" data-element_type=\"container\" data-e-type=\"container\">\n\t\t\t\t\t<div class=\"e-con-inner\">\n\t\t\t\t<div class=\"elementor-element elementor-element-5e07c30 elementor-hidden-tablet elementor-widget elementor-widget-image\" data-id=\"5e07c30\" data-element_type=\"widget\" data-e-type=\"widget\" data-widget_type=\"image.default\">\n\t\t\t\t\t\t\t\t\t\t\t\t\t\t\t<img fetchpriority=\"high\" decoding=\"async\" width=\"800\" height=\"776\" src=\"https:\/\/arqresidencial.com\/wp-content\/uploads\/2024\/06\/ceo_ctj.jpg\" class=\"attachment-full size-full wp-image-187088\" alt=\"Fotograf\u00eda de nuestra CEO CTJ\" srcset=\"https:\/\/arqresidencial.com\/wp-content\/uploads\/2024\/06\/ceo_ctj.jpg 800w, https:\/\/arqresidencial.com\/wp-content\/uploads\/2024\/06\/ceo_ctj-300x291.jpg 300w, https:\/\/arqresidencial.com\/wp-content\/uploads\/2024\/06\/ceo_ctj-768x745.jpg 768w, https:\/\/arqresidencial.com\/wp-content\/uploads\/2024\/06\/ceo_ctj-619x600.jpg 619w, https:\/\/arqresidencial.com\/wp-content\/uploads\/2024\/06\/ceo_ctj-496x481.jpg 496w\" sizes=\"(max-width: 800px) 100vw, 800px\" \/>\t\t\t\t\t\t\t\t\t\t\t\t\t\t\t<\/div>\n\t\t\t\t\t<\/div>\n\t\t\t\t<\/div>\n\t\t\t\t\t<\/div>\n\t\t\t\t<\/div>\n\t\t\t\t<\/div>\n\t\t<div class=\"elementor-element elementor-element-5974061 e-flex e-con-boxed e-con e-child\" data-id=\"5974061\" data-element_type=\"container\" data-e-type=\"container\" data-settings=\"{&quot;background_background&quot;:&quot;classic&quot;}\">\n\t\t\t\t\t<div class=\"e-con-inner\">\n\t\t<div class=\"elementor-element elementor-element-839b49d e-flex e-con-boxed e-con e-child\" data-id=\"839b49d\" data-element_type=\"container\" data-e-type=\"container\">\n\t\t\t\t\t<div class=\"e-con-inner\">\n\t\t\t\t<div class=\"elementor-element elementor-element-3887893 elementor-widget elementor-widget-heading\" data-id=\"3887893\" data-element_type=\"widget\" data-e-type=\"widget\" data-widget_type=\"heading.default\">\n\t\t\t\t\t<h2 class=\"elementor-heading-title elementor-size-default\">\"El seu enfocament directe realment ens va funcionar. I tot el proc\u00e9s i la comunicaci\u00f3 van ser excel\u00b7lents. No em facis parlar del preu d'oferta... GUAU! De fet, ha canviat les nostres vides.\"<\/h2>\t\t\t\t<\/div>\n\t\t\t\t<div class=\"elementor-element elementor-element-dd55a07 elementor-widget elementor-widget-text-editor\" data-id=\"dd55a07\" data-element_type=\"widget\" data-e-type=\"widget\" data-widget_type=\"text-editor.default\">\n\t\t\t\t\t\t\t\t\t<div class=\"wpb_text_column wpb_content_element \"><div class=\"wpb_wrapper\"><p style=\"text-align: center;\">\u2013 ROGER MONTAGUT<\/p><\/div><\/div>\t\t\t\t\t\t\t\t<\/div>\n\t\t\t\t\t<\/div>\n\t\t\t\t<\/div>\n\t\t\t\t\t<\/div>\n\t\t\t\t<\/div>\n\t\t<div class=\"elementor-element elementor-element-3e893bb e-flex e-con-boxed e-con e-child\" data-id=\"3e893bb\" data-element_type=\"container\" data-e-type=\"container\">\n\t\t\t\t\t<div class=\"e-con-inner\">\n\t\t<div class=\"elementor-element elementor-element-a913975 e-con-full e-flex e-con e-child\" data-id=\"a913975\" data-element_type=\"container\" data-e-type=\"container\">\n\t\t<div class=\"elementor-element elementor-element-526b38f e-con-full e-flex e-con e-child\" data-id=\"526b38f\" data-element_type=\"container\" data-e-type=\"container\">\n\t\t\t\t<div class=\"elementor-element elementor-element-159d30c elementor-widget-tablet__width-auto elementor-widget elementor-widget-heading\" data-id=\"159d30c\" data-element_type=\"widget\" data-e-type=\"widget\" data-widget_type=\"heading.default\">\n\t\t\t\t\t<h2 class=\"elementor-heading-title elementor-size-default\">Qu\u00e8 m\u00e9s m'aportar\u00e0 la valoraci\u00f3 del meu pis?<\/h2>\t\t\t\t<\/div>\n\t\t\t\t<div class=\"elementor-element elementor-element-3c1963d elementor-widget elementor-widget-text-editor\" data-id=\"3c1963d\" data-element_type=\"widget\" data-e-type=\"widget\" data-widget_type=\"text-editor.default\">\n\t\t\t\t\t\t\t\t\t<p>Us assessorarem sobre:<\/p><ul><li>Millor moment per vendre<\/li><li>Quan trigar\u00e0 a vendre el seu habitatge o local en funci\u00f3 de les seves necessitats de venda<\/li><li>Si val la pena fer alguns arranjaments abans de la venda<\/li><li>Com presentar l&#8217;immoble per atraure m\u00e9s compradors<\/li><li>Quina compet\u00e8ncia hi ha actualment per al meu habitatge<\/li><\/ul>\t\t\t\t\t\t\t\t<\/div>\n\t\t\t\t<div class=\"elementor-element elementor-element-c677401 elementor-widget elementor-widget-button\" data-id=\"c677401\" data-element_type=\"widget\" data-e-type=\"widget\" data-widget_type=\"button.default\">\n\t\t\t\t\t\t\t\t\t\t<a class=\"elementor-button elementor-button-link elementor-size-sm\" href=\"#hero\">\n\t\t\t\t\t\t<span class=\"elementor-button-content-wrapper\">\n\t\t\t\t\t\t\t\t\t<span class=\"elementor-button-text\">Sol\u00b7liciteu la vostra valoraci\u00f3 ara<\/span>\n\t\t\t\t\t<\/span>\n\t\t\t\t\t<\/a>\n\t\t\t\t\t\t\t\t<\/div>\n\t\t\t\t<\/div>\n\t\t<div class=\"elementor-element elementor-element-73ca2f3 e-con-full e-flex e-con e-child\" data-id=\"73ca2f3\" data-element_type=\"container\" data-e-type=\"container\">\n\t\t\t\t<div class=\"elementor-element elementor-element-a5b93b4 elementor-widget__width-inherit elementor-widget elementor-widget-image\" data-id=\"a5b93b4\" data-element_type=\"widget\" data-e-type=\"widget\" data-widget_type=\"image.default\">\n\t\t\t\t\t\t\t\t\t\t\t\t\t\t\t<img decoding=\"async\" width=\"800\" height=\"776\" src=\"https:\/\/arqresidencial.com\/wp-content\/uploads\/2024\/06\/balcon-barcelona.jpg\" class=\"attachment-2048x2048 size-2048x2048 wp-image-187063\" alt=\"Imatge d\u00b4un balc\u00f3 assolellat a Barcelona\" srcset=\"https:\/\/arqresidencial.com\/wp-content\/uploads\/2024\/06\/balcon-barcelona.jpg 800w, https:\/\/arqresidencial.com\/wp-content\/uploads\/2024\/06\/balcon-barcelona-300x291.jpg 300w, https:\/\/arqresidencial.com\/wp-content\/uploads\/2024\/06\/balcon-barcelona-768x745.jpg 768w, https:\/\/arqresidencial.com\/wp-content\/uploads\/2024\/06\/balcon-barcelona-619x600.jpg 619w, https:\/\/arqresidencial.com\/wp-content\/uploads\/2024\/06\/balcon-barcelona-496x481.jpg 496w\" sizes=\"(max-width: 800px) 100vw, 800px\" \/>\t\t\t\t\t\t\t\t\t\t\t\t\t\t\t<\/div>\n\t\t\t\t<\/div>\n\t\t\t\t<\/div>\n\t\t\t\t\t<\/div>\n\t\t\t\t<\/div>\n\t\t\t\t\t<\/div>\n\t\t\t\t<\/div>\n\t\t<div class=\"elementor-element elementor-element-e96b852 e-flex e-con-boxed e-con e-parent\" data-id=\"e96b852\" data-element_type=\"container\" data-e-type=\"container\">\n\t\t\t\t\t<div class=\"e-con-inner\">\n\t\t\t\t<div class=\"elementor-element elementor-element-4dcaf67 elementor-widget elementor-widget-houzez_site_logo\" data-id=\"4dcaf67\" data-element_type=\"widget\" data-e-type=\"widget\" data-widget_type=\"houzez_site_logo.default\">\n\t\t\t\t<div class=\"elementor-widget-container\">\n\t\t\t\t\t\t\t<div class=\"favethemes-site-logo\">\n\t\t\t\t\t\t\t<a href=\"https:\/\/arqresidencial.com\">\n\t\t\t\t\t\t<img decoding=\"async\" class=\"image-logo elementor-animation-\"  src=\"https:\/\/arqresidencial.com\/wp-content\/uploads\/2023\/05\/logo_AR_col_153965.svg\" alt=\"Logotipo azul de Arquitectura Residencial\"\/>\t\t\t\t\t\t\t<\/a>\n\t\t\t\t\t<\/div>\n\t\t\t\t\t\t<\/div>\n\t\t\t\t<\/div>\n\t\t\t\t<div class=\"elementor-element elementor-element-f3f6988 elementor-widget elementor-widget-heading\" data-id=\"f3f6988\" data-element_type=\"widget\" data-e-type=\"widget\" data-widget_type=\"heading.default\">\n\t\t\t\t\t<h2 class=\"elementor-heading-title elementor-size-default\">La seva immobili\u00e0ria de refer\u00e8ncia a Barcelona<\/h2>\t\t\t\t<\/div>\n\t\t\t\t\t<\/div>\n\t\t\t\t<\/div>\n\t\t\t\t<\/div>\n\t\t","protected":false},"excerpt":{"rendered":"<p>Valorem el vostre immoble per a la venda a Barcelona, \u200b\u200bsense comprom\u00eds! La nostra CEO, Cristina Toyos amb m\u00e9s de 25 anys d&#8217;experi\u00e8ncia en venda d&#8217;immobles, us donar\u00e0 totes les respostes que necessiteu per prendre la decisi\u00f3 de venda. Sol\u00b7liciteu ara la vostra valoraci\u00f3 professional a preu de mercat. Truqui ara 93 241 11 03 [&hellip;]<\/p>\n","protected":false},"author":1,"featured_media":0,"parent":0,"menu_order":52,"comment_status":"closed","ping_status":"closed","template":"elementor_header_footer","meta":{"_joinchat":[],"footnotes":""},"class_list":["post-187396","page","type-page","status-publish","hentry"],"aioseo_notices":[],"_links":{"self":[{"href":"https:\/\/arqresidencial.com\/ca\/wp-json\/wp\/v2\/pages\/187396","targetHints":{"allow":["GET"]}}],"collection":[{"href":"https:\/\/arqresidencial.com\/ca\/wp-json\/wp\/v2\/pages"}],"about":[{"href":"https:\/\/arqresidencial.com\/ca\/wp-json\/wp\/v2\/types\/page"}],"author":[{"embeddable":true,"href":"https:\/\/arqresidencial.com\/ca\/wp-json\/wp\/v2\/users\/1"}],"replies":[{"embeddable":true,"href":"https:\/\/arqresidencial.com\/ca\/wp-json\/wp\/v2\/comments?post=187396"}],"version-history":[{"count":0,"href":"https:\/\/arqresidencial.com\/ca\/wp-json\/wp\/v2\/pages\/187396\/revisions"}],"wp:attachment":[{"href":"https:\/\/arqresidencial.com\/ca\/wp-json\/wp\/v2\/media?parent=187396"}],"curies":[{"name":"wp","href":"https:\/\/api.w.org\/{rel}","templated":true}]}}