{"id":10606,"date":"2023-05-15T11:07:40","date_gmt":"2023-05-15T09:07:40","guid":{"rendered":"https:\/\/arqresidencial.com\/inversio-immobiliaria-a-barcelona\/"},"modified":"2026-04-08T12:29:42","modified_gmt":"2026-04-08T10:29:42","slug":"inversio-immobiliaria-a-barcelona","status":"publish","type":"page","link":"https:\/\/arqresidencial.com\/ca\/inversio-immobiliaria-a-barcelona\/","title":{"rendered":"Inversi\u00f3 immobili\u00e0ria a Barcelona"},"content":{"rendered":"\t\t<div data-elementor-type=\"wp-page\" data-elementor-id=\"10606\" class=\"elementor elementor-10606 elementor-9907\" data-elementor-post-type=\"page\">\n\t\t\t\t<div class=\"elementor-element elementor-element-7b3cad9 e-flex e-con-boxed e-con e-parent\" data-id=\"7b3cad9\" data-element_type=\"container\" data-e-type=\"container\">\n\t\t\t\t\t<div class=\"e-con-inner\">\n\t\t<div class=\"elementor-element elementor-element-0383f7e e-con-full e-flex e-con e-child\" data-id=\"0383f7e\" data-element_type=\"container\" data-e-type=\"container\">\n\t\t\t\t<div class=\"elementor-element elementor-element-cfcbfcc elementor-view-default elementor-position-block-start elementor-mobile-position-block-start elementor-widget elementor-widget-icon-box\" data-id=\"cfcbfcc\" data-element_type=\"widget\" data-e-type=\"widget\" data-widget_type=\"icon-box.default\">\n\t\t\t\t\t\t\t<div class=\"elementor-icon-box-wrapper\">\n\n\t\t\t\t\t\t<div class=\"elementor-icon-box-icon\">\n\t\t\t\t<span  class=\"elementor-icon elementor-animation-pulse-grow\">\n\t\t\t\t<i aria-hidden=\"true\" class=\"fas fa-hand-holding-usd\"><\/i>\t\t\t\t<\/span>\n\t\t\t<\/div>\n\t\t\t\n\t\t\t\t\t\t<div class=\"elementor-icon-box-content\">\n\n\t\t\t\t\t\t\t\t\t<h2 class=\"elementor-icon-box-title\">\n\t\t\t\t\t\t<span  >\n\t\t\t\t\t\t\tInversi\u00f3 immobili\u00e0ria a Barcelona\t\t\t\t\t\t<\/span>\n\t\t\t\t\t<\/h2>\n\t\t\t\t\n\t\t\t\t\t\t\t\t\t<p class=\"elementor-icon-box-description\">\n\t\t\t\t\t\t<p style=\"text-align: justify\">A Arquitectura Residencial gestionem grans i <strong>petites inversions immobili\u00e0ries: des del particular, per al qual la compra del seu habitatge, \u00e9s en molts casos la inversi\u00f3 de la seva vida, fins a l'empresa que busca invertir en edificis o en s\u00f2l per edificar a Barcelona i rodalies<\/strong>.<\/p>\n<p style=\"text-align: justify\">Si no troba l'immoble que necessita a la nostra cartera immobili\u00e0ria, el busquem i realitzem un projecte a mida.\nSi vol comprar un immoble, habitatge, local, oficina, solar i no el tenim a la nostra cartera de productes, se'l busquem i si ho desitja, li elaborem un projecte a la seva mida.<\/p>\n<p style=\"text-align: justify\">Gestionem producte de petits i grans actius. Si vols invertir en <strong>propietat vertical<\/strong>, tenim <strong>edificis en rendibilitat a Barcelona.<\/strong> Tamb\u00e9 disposem de s\u00f2l edificable a Barcelona i altres zones de Catalunya. <\/p>\n<p style=\"text-align: justify\">Disposem d'immobles a la venda ja llogats, amb clients solvents, ideals per al petit inversor que vol rendibilitzar des del primer dia.<\/p>\t\t\t\t\t<\/p>\n\t\t\t\t\n\t\t\t<\/div>\n\t\t\t\n\t\t<\/div>\n\t\t\t\t\t\t<\/div>\n\t\t\t\t<\/div>\n\t\t\t\t\t<\/div>\n\t\t\t\t<\/div>\n\t\t<div class=\"elementor-element elementor-element-8467a3b e-flex e-con-boxed e-con e-parent\" data-id=\"8467a3b\" data-element_type=\"container\" data-e-type=\"container\">\n\t\t\t\t\t<div class=\"e-con-inner\">\n\t\t<div class=\"elementor-element elementor-element-23ac444 e-con-full e-flex e-con e-child\" data-id=\"23ac444\" data-element_type=\"container\" data-e-type=\"container\">\n\t\t\t\t<div class=\"elementor-element elementor-element-7f5e563 elementor-view-default elementor-position-block-start elementor-mobile-position-block-start elementor-widget elementor-widget-icon-box\" data-id=\"7f5e563\" data-element_type=\"widget\" data-e-type=\"widget\" data-widget_type=\"icon-box.default\">\n\t\t\t\t\t\t\t<div class=\"elementor-icon-box-wrapper\">\n\n\t\t\t\t\t\t<div class=\"elementor-icon-box-icon\">\n\t\t\t\t<span  class=\"elementor-icon elementor-animation-pulse\">\n\t\t\t\t<i aria-hidden=\"true\" class=\"fas fa-hands\"><\/i>\t\t\t\t<\/span>\n\t\t\t<\/div>\n\t\t\t\n\t\t\t\t\t\t<div class=\"elementor-icon-box-content\">\n\n\t\t\t\t\t\t\t\t\t<h2 class=\"elementor-icon-box-title\">\n\t\t\t\t\t\t<span  >\n\t\t\t\t\t\t\tConsultoria Immobili\u00e0ria\t\t\t\t\t\t<\/span>\n\t\t\t\t\t<\/h2>\n\t\t\t\t\n\t\t\t\t\t\t\t\t\t<p class=\"elementor-icon-box-description\">\n\t\t\t\t\t\t<p style=\"text-align: justify\"><strong>Suport expert en la compra<\/strong>...<\/p>\n<p style=\"text-align: justify\">Si ha triat l'immoble que desitja comprar, el nostre equip professional pot aconsellar-lo perqu\u00e8 compri amb total tranquil\u00b7litat.<\/p>\n<p style=\"text-align: justify\"><strong>En quin estat de conservaci\u00f3 s'adquireix la propietat?<\/strong><\/p>\n<p style=\"text-align: justify\">Podem fer un informe t\u00e8cnic de la propietat: estat actual i possibles patologies (aluminosi, estat de l'edifici ...)<\/p>\n<p style=\"text-align: justify\">El departament de consultoria tamb\u00e9 pot confirmar les dades de possibles c\u00e0rregues de la propietat i estimar les despeses futures de la comunitat (possibles obres de reforma comunit\u00e0ria, etc.)<\/p>\n\t\t\t\t\t<\/p>\n\t\t\t\t\n\t\t\t<\/div>\n\t\t\t\n\t\t<\/div>\n\t\t\t\t\t\t<\/div>\n\t\t\t\t<\/div>\n\t\t\t\t\t<\/div>\n\t\t\t\t<\/div>\n\t\t<div class=\"elementor-element elementor-element-8c28b07 e-grid e-con-boxed e-con e-parent\" data-id=\"8c28b07\" data-element_type=\"container\" data-e-type=\"container\" data-settings=\"{&quot;background_background&quot;:&quot;classic&quot;}\">\n\t\t\t\t\t<div class=\"e-con-inner\">\n\t\t\t\t<div class=\"elementor-element elementor-element-a50e242 elementor-widget elementor-widget-image\" data-id=\"a50e242\" data-element_type=\"widget\" data-e-type=\"widget\" data-widget_type=\"image.default\">\n\t\t\t\t\t\t\t\t\t\t\t\t\t\t\t\t<a href=\"https:\/\/aicat.barcelona\/\" target=\"_blank\">\n\t\t\t\t\t\t\t<img decoding=\"async\" width=\"150\" height=\"150\" src=\"https:\/\/arqresidencial.com\/wp-content\/uploads\/2024\/04\/aicat-gris.jpg\" class=\"attachment-thumbnail size-thumbnail wp-image-183298\" alt=\"logo aicat\" title=\"logo aicat - La teva immobili\u00e0ria de confian\u00e7a a Barcelona\" srcset=\"\" \/>\t\t\t\t\t\t\t\t<\/a>\n\t\t\t\t\t\t\t\t\t\t\t\t\t\t\t<\/div>\n\t\t\t\t<div class=\"elementor-element elementor-element-575ef27 elementor-widget elementor-widget-image\" data-id=\"575ef27\" data-element_type=\"widget\" data-e-type=\"widget\" data-widget_type=\"image.default\">\n\t\t\t\t\t\t\t\t\t\t\t\t\t\t\t\t<a href=\"https:\/\/aepsi.es\/\" target=\"_blank\" rel=\"nofollow\">\n\t\t\t\t\t\t\t<img decoding=\"async\" width=\"150\" height=\"150\" src=\"https:\/\/arqresidencial.com\/wp-content\/uploads\/2024\/04\/aepsilog-gris.jpg\" class=\"attachment-thumbnail size-thumbnail wp-image-183301\" alt=\"logo aepsi\" title=\"logo aepsi - La teva immobili\u00e0ria de confian\u00e7a a Barcelona\" srcset=\"\" \/>\t\t\t\t\t\t\t\t<\/a>\n\t\t\t\t\t\t\t\t\t\t\t\t\t\t\t<\/div>\n\t\t\t\t<div class=\"elementor-element elementor-element-46f7c0e elementor-widget elementor-widget-image\" data-id=\"46f7c0e\" data-element_type=\"widget\" data-e-type=\"widget\" data-widget_type=\"image.default\">\n\t\t\t\t\t\t\t\t\t\t\t\t\t\t\t\t<a href=\"https:\/\/www.api.cat\/\" target=\"_blank\">\n\t\t\t\t\t\t\t<img decoding=\"async\" width=\"150\" height=\"150\" src=\"https:\/\/arqresidencial.com\/wp-content\/uploads\/2024\/04\/apilogo-gris.jpg\" class=\"attachment-thumbnail size-thumbnail wp-image-183304\" alt=\"logo apicat\" title=\"logo apicat - La teva immobili\u00e0ria de confian\u00e7a a Barcelona\" srcset=\"\" \/>\t\t\t\t\t\t\t\t<\/a>\n\t\t\t\t\t\t\t\t\t\t\t\t\t\t\t<\/div>\n\t\t\t\t<div class=\"elementor-element elementor-element-b0d22e7 elementor-widget elementor-widget-image\" data-id=\"b0d22e7\" data-element_type=\"widget\" data-e-type=\"widget\" data-widget_type=\"image.default\">\n\t\t\t\t\t\t\t\t\t\t\t\t\t\t\t\t<a href=\"https:\/\/inmoexpertos.com\/\" target=\"_blank\">\n\t\t\t\t\t\t\t<img loading=\"lazy\" decoding=\"async\" width=\"150\" height=\"150\" src=\"https:\/\/arqresidencial.com\/wp-content\/uploads\/2024\/04\/apeilogo-gris.jpg\" class=\"attachment-thumbnail size-thumbnail wp-image-183307\" alt=\"logo apei\" title=\"logo apei - La teva immobili\u00e0ria de confian\u00e7a a Barcelona\" srcset=\"\" \/>\t\t\t\t\t\t\t\t<\/a>\n\t\t\t\t\t\t\t\t\t\t\t\t\t\t\t<\/div>\n\t\t\t\t<div class=\"elementor-element elementor-element-d7579d9 elementor-widget elementor-widget-image\" data-id=\"d7579d9\" data-element_type=\"widget\" data-e-type=\"widget\" data-widget_type=\"image.default\">\n\t\t\t\t\t\t\t\t\t\t\t\t\t\t\t\t<a href=\"https:\/\/inmoexpertos.com\/\" target=\"_blank\">\n\t\t\t\t\t\t\t<img loading=\"lazy\" decoding=\"async\" width=\"150\" height=\"150\" src=\"https:\/\/arqresidencial.com\/wp-content\/uploads\/2024\/04\/upbarcelonalogo-gris1.jpg\" class=\"attachment-thumbnail size-thumbnail wp-image-183313\" alt=\"log up barcelona\" title=\"log up barcelona - La teva immobili\u00e0ria de confian\u00e7a a Barcelona\" srcset=\"\" \/>\t\t\t\t\t\t\t\t<\/a>\n\t\t\t\t\t\t\t\t\t\t\t\t\t\t\t<\/div>\n\t\t\t\t\t<\/div>\n\t\t\t\t<\/div>\n\t\t\t\t<\/div>\n\t\t","protected":false},"excerpt":{"rendered":"<p>Inversi\u00f3 immobili\u00e0ria a Barcelona A Arquitectura Residencial gestionem grans i petites inversions immobili\u00e0ries: des del particular, per al qual la compra del seu habitatge, \u00e9s en molts casos la inversi\u00f3 de la seva vida, fins a l&#8217;empresa que busca invertir en edificis o en s\u00f2l per edificar a Barcelona i rodalies. Si no troba l&#8217;immoble [&hellip;]<\/p>\n","protected":false},"author":1,"featured_media":0,"parent":0,"menu_order":61,"comment_status":"closed","ping_status":"closed","template":"elementor_header_footer","meta":{"_joinchat":[],"footnotes":""},"class_list":["post-10606","page","type-page","status-publish","hentry"],"aioseo_notices":[],"_links":{"self":[{"href":"https:\/\/arqresidencial.com\/ca\/wp-json\/wp\/v2\/pages\/10606","targetHints":{"allow":["GET"]}}],"collection":[{"href":"https:\/\/arqresidencial.com\/ca\/wp-json\/wp\/v2\/pages"}],"about":[{"href":"https:\/\/arqresidencial.com\/ca\/wp-json\/wp\/v2\/types\/page"}],"author":[{"embeddable":true,"href":"https:\/\/arqresidencial.com\/ca\/wp-json\/wp\/v2\/users\/1"}],"replies":[{"embeddable":true,"href":"https:\/\/arqresidencial.com\/ca\/wp-json\/wp\/v2\/comments?post=10606"}],"version-history":[{"count":0,"href":"https:\/\/arqresidencial.com\/ca\/wp-json\/wp\/v2\/pages\/10606\/revisions"}],"wp:attachment":[{"href":"https:\/\/arqresidencial.com\/ca\/wp-json\/wp\/v2\/media?parent=10606"}],"curies":[{"name":"wp","href":"https:\/\/api.w.org\/{rel}","templated":true}]}}